{"id":35,"date":"2020-03-15T14:28:02","date_gmt":"2020-03-15T13:28:02","guid":{"rendered":"http:\/\/www.verein-rodtegg.ch\/homepage_2020\/?page_id=35"},"modified":"2024-04-11T17:34:47","modified_gmt":"2024-04-11T15:34:47","slug":"home","status":"publish","type":"page","link":"https:\/\/www.verein-rodtegg.ch\/homepage_2020\/","title":{"rendered":"Willkommen beim Verein der Ehemaligen"},"content":{"rendered":"\n<p>Der Ehemaligenverein\nder Stiftung Rodtegg und des Schulheims M\u00e4tteli wurde 1990 von ehemaligen\nSch\u00fclerinnen und Sch\u00fclern sowie Mitarbeitenden gegr\u00fcndet. Sein Ziel ist den\nKontakt zwischen Ehemaligen untereinander und der Stiftung Rodtegg zu pflegen.<\/p>\n\n\n\n<p>Der Ehemaligenverein organisiert f\u00fcr seine Mitglieder jedes Jahr einen Anlass mit Speis und Trank. <br>Er ist auch an \u00f6ffentlichen Veranstaltungen der Stiftung Rodtegg mit einem Stand vertreten.<\/p>\n\n\n\n<p>An der\nGeneralversammlung im Fr\u00fchjahr werden nicht nur die \u00fcblichen Pflichten und\nFreud und Leid des Vereins besprochen, sondern sie dient auch der Begegnung der\nMitglieder.<\/p>\n\n\n\n<p>Haben wir deine Neugier geweckt? Wir w\u00fcrden uns freuen, dich als neues Mitglied in unserem Ehemaligenverein begr\u00fcssen zu d\u00fcrfen. <br>Der j\u00e4hrliche Vereinsbeitragt ist zurzeit Fr. 25.- f\u00fcr Aktivmitglieder und Fr. 20.&#8211; f\u00fcr Passivmitglieder. Dieser ist j\u00e4hrlich zu bezahlen. Mit diesem Beitrag werden die Vereinstreffen und der administrative Aufwand gedeckt.<\/p>\n\n\n\n<p>Damit du bei uns mitmachen kannst, druckst und f\u00fcllst du den <a href=\"http:\/\/www.verein-rodtegg.ch\/wp-content\/uploads\/2020\/04\/VdE_Beitrittstalon.pdf\" target=\"_blank\" rel=\"noreferrer noopener\">Beitrittstalon<\/a> aus und schickst ihn an unsere Vereinsadresse oder sendest ihn per E-Mail oder meldest dich im <a rel=\"noreferrer noopener\" href=\"http:\/\/www.verein-rodtegg.ch\/formuar-neumitglieder\/\" target=\"_blank\">Online-Formular<\/a> an.<\/p>\n\n\n\n<p><\/p>\n","protected":false},"excerpt":{"rendered":"<p>Der Ehemaligenverein der Stiftung Rodtegg und des Schulheims M\u00e4tteli wurde 1990 von ehemaligen Sch\u00fclerinnen und Sch\u00fclern sowie Mitarbeitenden gegr\u00fcndet. Sein Ziel ist den Kontakt zwischen Ehemaligen untereinander und der Stiftung Rodtegg zu pflegen. Der Ehemaligenverein organisiert f\u00fcr seine Mitglieder jedes Jahr einen Anlass mit Speis und Trank. Er ist auch an \u00f6ffentlichen Veranstaltungen der Stiftung [&hellip;]<\/p>\n","protected":false},"author":1,"featured_media":0,"parent":0,"menu_order":1,"comment_status":"closed","ping_status":"closed","template":"","meta":{"footnotes":""},"class_list":["post-35","page","type-page","status-publish","hentry"],"_links":{"self":[{"href":"https:\/\/www.verein-rodtegg.ch\/homepage_2020\/wp-json\/wp\/v2\/pages\/35","targetHints":{"allow":["GET"]}}],"collection":[{"href":"https:\/\/www.verein-rodtegg.ch\/homepage_2020\/wp-json\/wp\/v2\/pages"}],"about":[{"href":"https:\/\/www.verein-rodtegg.ch\/homepage_2020\/wp-json\/wp\/v2\/types\/page"}],"author":[{"embeddable":true,"href":"https:\/\/www.verein-rodtegg.ch\/homepage_2020\/wp-json\/wp\/v2\/users\/1"}],"replies":[{"embeddable":true,"href":"https:\/\/www.verein-rodtegg.ch\/homepage_2020\/wp-json\/wp\/v2\/comments?post=35"}],"version-history":[{"count":12,"href":"https:\/\/www.verein-rodtegg.ch\/homepage_2020\/wp-json\/wp\/v2\/pages\/35\/revisions"}],"predecessor-version":[{"id":437,"href":"https:\/\/www.verein-rodtegg.ch\/homepage_2020\/wp-json\/wp\/v2\/pages\/35\/revisions\/437"}],"wp:attachment":[{"href":"https:\/\/www.verein-rodtegg.ch\/homepage_2020\/wp-json\/wp\/v2\/media?parent=35"}],"curies":[{"name":"wp","href":"https:\/\/api.w.org\/{rel}","templated":true}]}}