{"id":8,"date":"2020-03-15T13:56:43","date_gmt":"2020-03-15T12:56:43","guid":{"rendered":"http:\/\/www.verein-rodtegg.ch\/homepage_2020\/?page_id=8"},"modified":"2020-04-30T17:46:10","modified_gmt":"2020-04-30T15:46:10","slug":"kontakt","status":"publish","type":"page","link":"https:\/\/www.verein-rodtegg.ch\/homepage_2020\/kontakt\/","title":{"rendered":"Kontakt"},"content":{"rendered":"\n<h3 class=\"wp-block-heading\">Kontaktadresse<\/h3>\n\n\n\n<p>VdE<br>die rodtegg<br>b\u00fcrow\u00e4rkstatt<br>Rodteggstrasse 3a<br>6005 Luzern<\/p>\n\n\n\n<p>E-Mail: <a href=\"mailto:info@verein-rodtegg.ch\">info[at]verein-rodtegg.ch<\/a> <br><br><\/p>\n\n\n\n<h3 class=\"wp-block-heading\" id=\"Kontaktformular\">Kontaktformular<\/h3>\n\n\n<div class=\"wpforms-container wpforms-container-full wpforms-block\" id=\"wpforms-151\"><form id=\"wpforms-form-151\" class=\"wpforms-validate wpforms-form\" data-formid=\"151\" method=\"post\" enctype=\"multipart\/form-data\" action=\"\/homepage_2020\/wp-json\/wp\/v2\/pages\/8\" data-token=\"4f503d6110e517711bc370e2621638f2\" data-token-time=\"1777478460\"><noscript class=\"wpforms-error-noscript\">Bitte aktiviere JavaScript in deinem Browser, um dieses Formular fertigzustellen.<\/noscript><div class=\"wpforms-field-container\"><div id=\"wpforms-151-field_0-container\" class=\"wpforms-field wpforms-field-name\" data-field-id=\"0\"><label class=\"wpforms-field-label\">Name <span class=\"wpforms-required-label\">*<\/span><\/label><div class=\"wpforms-field-row wpforms-field-medium\"><div class=\"wpforms-field-row-block wpforms-first wpforms-one-half\"><input type=\"text\" id=\"wpforms-151-field_0\" class=\"wpforms-field-name-first wpforms-field-required\" name=\"wpforms[fields][0][first]\" required><label for=\"wpforms-151-field_0\" class=\"wpforms-field-sublabel after\">Vorname<\/label><\/div><div class=\"wpforms-field-row-block wpforms-one-half\"><input type=\"text\" id=\"wpforms-151-field_0-last\" class=\"wpforms-field-name-last wpforms-field-required\" name=\"wpforms[fields][0][last]\" required><label for=\"wpforms-151-field_0-last\" class=\"wpforms-field-sublabel after\">Nachname<\/label><\/div><\/div><\/div><div id=\"wpforms-151-field_1-container\" class=\"wpforms-field wpforms-field-email\" data-field-id=\"1\"><label class=\"wpforms-field-label\" for=\"wpforms-151-field_1\">E-Mail <span class=\"wpforms-required-label\">*<\/span><\/label><input type=\"email\" id=\"wpforms-151-field_1\" class=\"wpforms-field-medium wpforms-field-required\" name=\"wpforms[fields][1]\" spellcheck=\"false\" required><div class=\"wpforms-field-description\">Bitte gib deine E-Mail ein, sodass wir in Kontakt bleiben k\u00f6nnen.<\/div><\/div><div id=\"wpforms-151-field_2-container\" class=\"wpforms-field wpforms-field-radio\" data-field-id=\"2\"><label class=\"wpforms-field-label\">F\u00fcr welchen Bereich hast du einen Vorschlag? <span class=\"wpforms-required-label\">*<\/span><\/label><ul id=\"wpforms-151-field_2\" class=\"wpforms-field-required\"><li class=\"choice-1 depth-1\"><input type=\"radio\" id=\"wpforms-151-field_2_1\" name=\"wpforms[fields][2]\" value=\"Verein Allgemein\" required ><label class=\"wpforms-field-label-inline\" for=\"wpforms-151-field_2_1\">Verein Allgemein<\/label><\/li><li class=\"choice-2 depth-1\"><input type=\"radio\" id=\"wpforms-151-field_2_2\" name=\"wpforms[fields][2]\" value=\"Vereinsaktivit\u00e4ten\" required ><label class=\"wpforms-field-label-inline\" for=\"wpforms-151-field_2_2\">Vereinsaktivit\u00e4ten<\/label><\/li><li class=\"choice-3 depth-1\"><input type=\"radio\" id=\"wpforms-151-field_2_3\" name=\"wpforms[fields][2]\" value=\"Vorstand\" required ><label class=\"wpforms-field-label-inline\" for=\"wpforms-151-field_2_3\">Vorstand<\/label><\/li><li class=\"choice-4 depth-1\"><input type=\"radio\" id=\"wpforms-151-field_2_4\" name=\"wpforms[fields][2]\" value=\"Homepage des Vereins\" required ><label class=\"wpforms-field-label-inline\" for=\"wpforms-151-field_2_4\">Homepage des Vereins<\/label><\/li><\/ul><\/div><div id=\"wpforms-151-field_3-container\" class=\"wpforms-field wpforms-field-text\" data-field-id=\"3\"><label class=\"wpforms-field-label\" for=\"wpforms-151-field_3\">Betreff (subject) <span class=\"wpforms-required-label\">*<\/span><\/label><input type=\"text\" id=\"wpforms-151-field_3\" class=\"wpforms-field-medium wpforms-field-required\" name=\"wpforms[fields][3]\" required><\/div><div id=\"wpforms-151-field_4-container\" class=\"wpforms-field wpforms-field-textarea\" data-field-id=\"4\"><label class=\"wpforms-field-label\" for=\"wpforms-151-field_4\">Deine Nachricht <span class=\"wpforms-required-label\">*<\/span><\/label><textarea id=\"wpforms-151-field_4\" class=\"wpforms-field-medium wpforms-field-required\" name=\"wpforms[fields][4]\" required><\/textarea><\/div><div id=\"wpforms-151-field_5-container\" class=\"wpforms-field wpforms-field-captcha\" data-field-id=\"5\"><label class=\"wpforms-field-label\" for=\"wpforms-151-field_5\">Individuelles Captcha <span class=\"wpforms-required-label\">*<\/span><\/label><p id=\"wpforms-151-field_5-question\" class=\"wpforms-captcha-question\">Was ergibt 7+4?<\/p>\n\t\t<input type=\"text\" id=\"wpforms-151-field_5\" class=\"wpforms-field-medium wpforms-field-required a\" data-rule-wpf-captcha=\"qa\" data-is-wrapped-field=\"1\" data-a=\"11\" name=\"wpforms[fields][5][a]\" aria-describedby=\"wpforms-151-field_5-question\" required>\n\t\t<input type=\"hidden\" name=\"wpforms[fields][5][q]\" value=\"1\">\n\n\t\t<\/div><\/div><!-- .wpforms-field-container --><div class=\"wpforms-field wpforms-field-hp\"><label for=\"wpforms-151-field-hp\" class=\"wpforms-field-label\">Website<\/label><input type=\"text\" name=\"wpforms[hp]\" id=\"wpforms-151-field-hp\" class=\"wpforms-field-medium\"><\/div><div class=\"wpforms-recaptcha-container wpforms-is-recaptcha wpforms-is-recaptcha-type-v2\" ><div class=\"g-recaptcha\" data-sitekey=\"6LdnreYUAAAAAFBFUwEav-Us8rNpJrL-wQsRVeig\"><\/div><input type=\"text\" name=\"g-recaptcha-hidden\" class=\"wpforms-recaptcha-hidden\" style=\"position:absolute!important;clip:rect(0,0,0,0)!important;height:1px!important;width:1px!important;border:0!important;overflow:hidden!important;padding:0!important;margin:0!important;\" data-rule-recaptcha=\"1\"><\/div><div class=\"wpforms-submit-container\" ><input type=\"hidden\" name=\"wpforms[id]\" value=\"151\"><input type=\"hidden\" name=\"page_title\" value=\"\"><input type=\"hidden\" name=\"page_url\" value=\"https:\/\/www.verein-rodtegg.ch\/homepage_2020\/wp-json\/wp\/v2\/pages\/8\"><input type=\"hidden\" name=\"url_referer\" value=\"\"><button type=\"submit\" name=\"wpforms[submit]\" id=\"wpforms-submit-151\" class=\"wpforms-submit\" data-alt-text=\"Senden...\" data-submit-text=\"Absenden\" aria-live=\"assertive\" value=\"wpforms-submit\">Absenden<\/button><\/div><\/form><\/div>  <!-- .wpforms-container -->\n\n\n<h3 class=\"wp-block-heading\" id=\"Impressum\">Impressum<\/h3>\n\n\n\n<h4 class=\"wp-block-heading\"><strong>Haftungsausschluss<\/strong><\/h4>\n\n\n\n<p>Der\nWebseitenbetreiber \u00fcbernimmt keine Gew\u00e4hr bez\u00fcglich der inhaltlichen\nKorrektheit, Exaktheit, Aktualit\u00e4t, Vollst\u00e4ndigkeit oder Zuverl\u00e4ssigkeit der\nver\u00f6ffentlichten Informationen.<\/p>\n\n\n\n<p>Haftungsanspr\u00fcche\ngegen den Webseitenbetreiber wegen materieller oder immaterieller Sch\u00e4den\njeglicher Art, welche aus dem Besuch, der Nutzung oder auch Nichtnutzung der\nzur Verf\u00fcgung gestellten Daten, durch einen falschen Gebrauch der\nInternetverbindung oder durch eventuelle technische Fehler entstanden sind,\nwerden ausgeschlossen.<\/p>\n\n\n\n<p>Alle\nver\u00f6ffentlichten Angebote haben einen unverbindlichen Charakter. Der\nWebseitenbetreiber hat das Recht, Teile von Webseiten oder auch den gesamten\nInhalt ohne vorherige Ank\u00fcndigung zu \u00e4ndern, zu erg\u00e4nzen, zu l\u00f6schen oder die\nPublikation teilweise oder komplett einzustellen.<\/p>\n\n\n\n<h4 class=\"wp-block-heading\"><strong>Haftung f\u00fcr\nLinks<\/strong><\/h4>\n\n\n\n<p>Links auf Webseiten von Drittanbietern, sowie Verweise darauf, liegen au\u00dferhalb des Verantwortungsbereichs des Webseitenbetreibers. Jegliche Verantwortung f\u00fcr die Inhalte dieser Webseiten wird abgelehnt. Wer auf Webseiten von Drittanbietern zugreift, diese besucht oder nutzt, tut dies auf eigene Gefahr.<\/p>\n\n\n\n<h4 class=\"wp-block-heading\"><strong>Urheberrechte<\/strong><\/h4>\n\n\n\n<p>Das Urheberrecht\nsowie alle anderen Rechte an Texten, Bildern, Fotos oder Dateien auf der\nWebseite geh\u00f6ren ausschlie\u00dflich den Webseitenbetreiber oder den angef\u00fchrten\nRechteinhabern. Die Reproduktion von Elementen bedarf der schriftlichen\nZustimmung der Urheberrechtstr\u00e4ger.<\/p>\n\n\n\n<p>Diese Impressum wurde erstellt am <a href=\"https:\/impressumgeneratorschweiz.de\/\" target=\"_blank\" rel=\"noreferrer noopener\">impressumgeneratorschweiz.de<\/a>.<\/p>\n","protected":false},"excerpt":{"rendered":"<p>Kontaktadresse VdEdie rodteggb\u00fcrow\u00e4rkstattRodteggstrasse 3a6005 Luzern E-Mail: info[at]verein-rodtegg.ch Kontaktformular Impressum Haftungsausschluss Der Webseitenbetreiber \u00fcbernimmt keine Gew\u00e4hr bez\u00fcglich der inhaltlichen Korrektheit, Exaktheit, Aktualit\u00e4t, Vollst\u00e4ndigkeit oder Zuverl\u00e4ssigkeit der ver\u00f6ffentlichten Informationen. Haftungsanspr\u00fcche gegen den Webseitenbetreiber wegen materieller oder immaterieller Sch\u00e4den jeglicher Art, welche aus dem Besuch, der Nutzung oder auch Nichtnutzung der zur Verf\u00fcgung gestellten Daten, durch einen falschen [&hellip;]<\/p>\n","protected":false},"author":1,"featured_media":0,"parent":0,"menu_order":4,"comment_status":"closed","ping_status":"closed","template":"","meta":{"footnotes":""},"class_list":["post-8","page","type-page","status-publish","hentry"],"_links":{"self":[{"href":"https:\/\/www.verein-rodtegg.ch\/homepage_2020\/wp-json\/wp\/v2\/pages\/8","targetHints":{"allow":["GET"]}}],"collection":[{"href":"https:\/\/www.verein-rodtegg.ch\/homepage_2020\/wp-json\/wp\/v2\/pages"}],"about":[{"href":"https:\/\/www.verein-rodtegg.ch\/homepage_2020\/wp-json\/wp\/v2\/types\/page"}],"author":[{"embeddable":true,"href":"https:\/\/www.verein-rodtegg.ch\/homepage_2020\/wp-json\/wp\/v2\/users\/1"}],"replies":[{"embeddable":true,"href":"https:\/\/www.verein-rodtegg.ch\/homepage_2020\/wp-json\/wp\/v2\/comments?post=8"}],"version-history":[{"count":9,"href":"https:\/\/www.verein-rodtegg.ch\/homepage_2020\/wp-json\/wp\/v2\/pages\/8\/revisions"}],"predecessor-version":[{"id":227,"href":"https:\/\/www.verein-rodtegg.ch\/homepage_2020\/wp-json\/wp\/v2\/pages\/8\/revisions\/227"}],"wp:attachment":[{"href":"https:\/\/www.verein-rodtegg.ch\/homepage_2020\/wp-json\/wp\/v2\/media?parent=8"}],"curies":[{"name":"wp","href":"https:\/\/api.w.org\/{rel}","templated":true}]}}